{"id":332,"date":"2023-11-04T10:27:01","date_gmt":"2023-11-04T13:27:01","guid":{"rendered":"https:\/\/csimoney.com.br\/?page_id=332"},"modified":"2024-06-05T18:10:22","modified_gmt":"2024-06-05T21:10:22","slug":"quem-somos-2","status":"publish","type":"page","link":"https:\/\/csimoney.com.br\/?page_id=332","title":{"rendered":"Quem somos"},"content":{"rendered":"\t\t<div data-elementor-type=\"wp-page\" data-elementor-id=\"332\" class=\"elementor elementor-332\">\n\t\t\t\t\t\t\t<div class=\"elementor-element elementor-element-1ec70d75 e-flex e-con-boxed e-con e-parent\" data-id=\"1ec70d75\" data-element_type=\"container\" data-settings=\"{&quot;content_width&quot;:&quot;boxed&quot;}\" data-core-v316-plus=\"true\">\n\t\t\t\t\t<div class=\"e-con-inner\">\n\t\t<div class=\"elementor-element elementor-element-bcb7467 e-con-full e-flex e-con e-child\" data-id=\"bcb7467\" data-element_type=\"container\" data-settings=\"{&quot;content_width&quot;:&quot;full&quot;}\">\n\t\t\t\t<div class=\"elementor-element elementor-element-4c244e02 elementor-widget elementor-widget-image\" data-id=\"4c244e02\" data-element_type=\"widget\" data-widget_type=\"image.default\">\n\t\t\t\t<div class=\"elementor-widget-container\">\n\t\t\t<style>\/*! elementor - v3.17.0 - 08-11-2023 *\/\n.elementor-widget-image{text-align:center}.elementor-widget-image a{display:inline-block}.elementor-widget-image a img[src$=\".svg\"]{width:48px}.elementor-widget-image img{vertical-align:middle;display:inline-block}<\/style>\t\t\t\t\t\t\t\t\t\t\t\t\t<a href=\"http:\/\/www.csimoney.com.br\">\n\t\t\t\t\t\t\t<img fetchpriority=\"high\" decoding=\"async\" width=\"400\" height=\"130\" src=\"https:\/\/csimoney.com.br\/wp-content\/uploads\/2023\/11\/csi-money.webp\" class=\"attachment-large size-large wp-image-145\" alt=\"CSI Money\" srcset=\"https:\/\/csimoney.com.br\/wp-content\/uploads\/2023\/11\/csi-money.webp 400w, https:\/\/csimoney.com.br\/wp-content\/uploads\/2023\/11\/csi-money-300x98.webp 300w, https:\/\/csimoney.com.br\/wp-content\/uploads\/2023\/11\/csi-money-150x49.webp 150w\" sizes=\"(max-width:767px) 400px, 400px\" \/>\t\t\t\t\t\t\t\t<\/a>\n\t\t\t\t\t\t\t\t\t\t\t\t\t\t\t<\/div>\n\t\t\t\t<\/div>\n\t\t\t\t<\/div>\n\t\t<div class=\"elementor-element elementor-element-3d368f71 e-con-full e-flex e-con e-child\" data-id=\"3d368f71\" data-element_type=\"container\" data-settings=\"{&quot;content_width&quot;:&quot;full&quot;}\">\n\t\t\t\t<div class=\"elementor-element elementor-element-4e87755 elementor-nav-menu__align-left elementor-nav-menu--dropdown-tablet elementor-nav-menu__text-align-aside elementor-nav-menu--toggle elementor-nav-menu--burger elementor-widget elementor-widget-nav-menu\" data-id=\"4e87755\" data-element_type=\"widget\" data-settings=\"{&quot;layout&quot;:&quot;horizontal&quot;,&quot;submenu_icon&quot;:{&quot;value&quot;:&quot;&lt;i class=\\&quot;fas fa-caret-down\\&quot;&gt;&lt;\\\/i&gt;&quot;,&quot;library&quot;:&quot;fa-solid&quot;},&quot;toggle&quot;:&quot;burger&quot;}\" data-widget_type=\"nav-menu.default\">\n\t\t\t\t<div class=\"elementor-widget-container\">\n\t\t\t<link rel=\"stylesheet\" href=\"https:\/\/csimoney.com.br\/wp-content\/plugins\/elementor-pro\/assets\/css\/widget-nav-menu.min.css\">\t\t\t<nav migration_allowed=\"1\" migrated=\"0\" class=\"elementor-nav-menu--main elementor-nav-menu__container elementor-nav-menu--layout-horizontal e--pointer-text e--animation-float\">\n\t\t\t\t<ul id=\"menu-1-4e87755\" class=\"elementor-nav-menu\"><li class=\"menu-item menu-item-type-post_type menu-item-object-page menu-item-357\"><a href=\"https:\/\/csimoney.com.br\/?page_id=332\" class=\"elementor-item\">Quem somos<\/a><\/li>\n<li class=\"menu-item menu-item-type-post_type menu-item-object-page menu-item-505\"><a href=\"https:\/\/csimoney.com.br\/?page_id=16\" class=\"elementor-item\">Artigos<\/a><\/li>\n<\/ul>\t\t\t<\/nav>\n\t\t\t\t\t<div class=\"elementor-menu-toggle\" role=\"button\" tabindex=\"0\" aria-label=\"Menu Toggle\" aria-expanded=\"false\">\n\t\t\t<i aria-hidden=\"true\" role=\"presentation\" class=\"elementor-menu-toggle__icon--open eicon-menu-bar\"><\/i><i aria-hidden=\"true\" role=\"presentation\" class=\"elementor-menu-toggle__icon--close eicon-close\"><\/i>\t\t\t<span class=\"elementor-screen-only\">Menu<\/span>\n\t\t<\/div>\n\t\t\t<nav class=\"elementor-nav-menu--dropdown elementor-nav-menu__container\" aria-hidden=\"true\">\n\t\t\t\t<ul id=\"menu-2-4e87755\" class=\"elementor-nav-menu\"><li class=\"menu-item menu-item-type-post_type menu-item-object-page menu-item-357\"><a href=\"https:\/\/csimoney.com.br\/?page_id=332\" class=\"elementor-item\" tabindex=\"-1\">Quem somos<\/a><\/li>\n<li class=\"menu-item menu-item-type-post_type menu-item-object-page menu-item-505\"><a href=\"https:\/\/csimoney.com.br\/?page_id=16\" class=\"elementor-item\" tabindex=\"-1\">Artigos<\/a><\/li>\n<\/ul>\t\t\t<\/nav>\n\t\t\t\t<\/div>\n\t\t\t\t<\/div>\n\t\t\t\t<\/div>\n\t\t\t\t\t<\/div>\n\t\t\t\t<\/div>\n\t\t<div class=\"elementor-element elementor-element-a073659 e-con-full e-flex e-con e-parent\" data-id=\"a073659\" data-element_type=\"container\" data-settings=\"{&quot;content_width&quot;:&quot;full&quot;}\" data-core-v316-plus=\"true\">\n\t\t\t\t<div class=\"elementor-element elementor-element-e05709f elementor-widget elementor-widget-image\" data-id=\"e05709f\" data-element_type=\"widget\" data-widget_type=\"image.default\">\n\t\t\t\t<div class=\"elementor-widget-container\">\n\t\t\t\t\t\t\t\t\t\t\t\t\t\t\t<img decoding=\"async\" width=\"2560\" height=\"1074\" src=\"https:\/\/csimoney.com.br\/wp-content\/uploads\/2023\/11\/quem-somos-scaled.jpg\" class=\"attachment-full size-full wp-image-334\" alt=\"\" srcset=\"https:\/\/csimoney.com.br\/wp-content\/uploads\/2023\/11\/quem-somos-scaled.jpg 2560w, https:\/\/csimoney.com.br\/wp-content\/uploads\/2023\/11\/quem-somos-scaled-800x336.jpg 800w, https:\/\/csimoney.com.br\/wp-content\/uploads\/2023\/11\/quem-somos-500x210.jpg 500w, https:\/\/csimoney.com.br\/wp-content\/uploads\/2023\/11\/quem-somos-1200x504.jpg 1200w, https:\/\/csimoney.com.br\/wp-content\/uploads\/2023\/11\/quem-somos-300x126.jpg 300w, https:\/\/csimoney.com.br\/wp-content\/uploads\/2023\/11\/quem-somos-768x322.jpg 768w, https:\/\/csimoney.com.br\/wp-content\/uploads\/2023\/11\/quem-somos-1536x645.jpg 1536w, https:\/\/csimoney.com.br\/wp-content\/uploads\/2023\/11\/quem-somos-2048x859.jpg 2048w, https:\/\/csimoney.com.br\/wp-content\/uploads\/2023\/11\/quem-somos-150x63.jpg 150w, https:\/\/csimoney.com.br\/wp-content\/uploads\/2023\/11\/quem-somos-480x201.jpg 480w\" sizes=\"(max-width:767px) 480px, (max-width:2560px) 100vw, 2560px\" \/>\t\t\t\t\t\t\t\t\t\t\t\t\t\t\t<\/div>\n\t\t\t\t<\/div>\n\t\t\t\t<\/div>\n\t\t<div class=\"elementor-element elementor-element-d4156f7 e-flex e-con-boxed e-con e-parent\" data-id=\"d4156f7\" data-element_type=\"container\" data-settings=\"{&quot;content_width&quot;:&quot;boxed&quot;}\" data-core-v316-plus=\"true\">\n\t\t\t\t\t<div class=\"e-con-inner\">\n\t\t<div class=\"elementor-element elementor-element-7453128 e-con-full e-flex e-con e-child\" data-id=\"7453128\" data-element_type=\"container\" data-settings=\"{&quot;content_width&quot;:&quot;full&quot;}\">\n\t\t\t\t<\/div>\n\t\t<div class=\"elementor-element elementor-element-3ec3173 e-con-full e-flex e-con e-child\" data-id=\"3ec3173\" data-element_type=\"container\" data-settings=\"{&quot;content_width&quot;:&quot;full&quot;,&quot;background_background&quot;:&quot;classic&quot;}\">\n\t\t\t\t<div class=\"elementor-element elementor-element-57474a4 elementor-widget__width-initial elementor-widget elementor-widget-heading\" data-id=\"57474a4\" data-element_type=\"widget\" data-widget_type=\"heading.default\">\n\t\t\t\t<div class=\"elementor-widget-container\">\n\t\t\t<style>\/*! elementor - v3.17.0 - 08-11-2023 *\/\n.elementor-heading-title{padding:0;margin:0;line-height:1}.elementor-widget-heading .elementor-heading-title[class*=elementor-size-]>a{color:inherit;font-size:inherit;line-height:inherit}.elementor-widget-heading .elementor-heading-title.elementor-size-small{font-size:15px}.elementor-widget-heading .elementor-heading-title.elementor-size-medium{font-size:19px}.elementor-widget-heading .elementor-heading-title.elementor-size-large{font-size:29px}.elementor-widget-heading .elementor-heading-title.elementor-size-xl{font-size:39px}.elementor-widget-heading .elementor-heading-title.elementor-size-xxl{font-size:59px}<\/style><h2 class=\"elementor-heading-title elementor-size-default\">Quem Somos!<\/h2>\t\t<\/div>\n\t\t\t\t<\/div>\n\t\t\t\t<div class=\"elementor-element elementor-element-ee77fce elementor-widget__width-initial elementor-widget elementor-widget-text-editor\" data-id=\"ee77fce\" data-element_type=\"widget\" data-widget_type=\"text-editor.default\">\n\t\t\t\t<div class=\"elementor-widget-container\">\n\t\t\t<style>\/*! elementor - v3.17.0 - 08-11-2023 *\/\n.elementor-widget-text-editor.elementor-drop-cap-view-stacked .elementor-drop-cap{background-color:#69727d;color:#fff}.elementor-widget-text-editor.elementor-drop-cap-view-framed .elementor-drop-cap{color:#69727d;border:3px solid;background-color:transparent}.elementor-widget-text-editor:not(.elementor-drop-cap-view-default) .elementor-drop-cap{margin-top:8px}.elementor-widget-text-editor:not(.elementor-drop-cap-view-default) .elementor-drop-cap-letter{width:1em;height:1em}.elementor-widget-text-editor .elementor-drop-cap{float:left;text-align:center;line-height:1;font-size:50px}.elementor-widget-text-editor .elementor-drop-cap-letter{display:inline-block}<\/style>\t\t\t\t<p>Com grande satisfa\u00e7\u00e3o, apresentamos a CSI Solu\u00e7\u00f5es Integradas, uma empresa com uma trajet\u00f3ria de 10 anos no mercado, dedicada \u00e0 excel\u00eancia em consultoria e gest\u00e3o de projetos. Nosso compromisso \u00e9 fornecer solu\u00e7\u00f5es abrangentes e personalizadas em diversas \u00e1reas, com foco na simplifica\u00e7\u00e3o e otimiza\u00e7\u00e3o dos processos para nossos clientes.<\/p><p>Nossa gama de servi\u00e7os abrange Projetos Cont\u00e1beis, Licen\u00e7as e Regulariza\u00e7\u00f5es T\u00e9cnicas, Projetos e Regulariza\u00e7\u00f5es Financeiras, Tribut\u00e1rias e Fiscais, bem como Projetos de Financiamento e Recupera\u00e7\u00e3o Empresarial. Al\u00e9m disso, nos destacamos na implementa\u00e7\u00e3o de Projetos de Melhoria Cont\u00ednua ao Ambiente Produtivo, Projetos Civis e de Constru\u00e7\u00e3o, Projetos El\u00e9tricos e Projetos de Efici\u00eancia Energ\u00e9tica. Al\u00e9m disso, somos especialistas em projetos de Energia Solar, uma solu\u00e7\u00e3o sustent\u00e1vel que contribui para a preserva\u00e7\u00e3o do meio ambiente e redu\u00e7\u00e3o de custos.<\/p><p>Na CSI Solu\u00e7\u00f5es Integradas, nossa equipe de profissionais altamente qualificados e experientes est\u00e1 empenhada em oferecer solu\u00e7\u00f5es sob medida para atender \u00e0s necessidades espec\u00edficas de cada cliente. Nossa miss\u00e3o \u00e9 simplificar processos complexos, proporcionar conformidade regulat\u00f3ria e promover a efici\u00eancia operacional.<\/p><p>Seja qual for a natureza do seu projeto ou desafio empresarial, estamos prontos para colaborar e auxiliar sua organiza\u00e7\u00e3o a alcan\u00e7ar seus objetivos com sucesso. Conte com a CSI Solu\u00e7\u00f5es Integradas para fazer a diferen\u00e7a em sua jornada empresarial. Estamos comprometidos com a sua excel\u00eancia e sucesso.<\/p>\t\t\t\t\t\t<\/div>\n\t\t\t\t<\/div>\n\t\t\t\t<\/div>\n\t\t\t\t\t<\/div>\n\t\t\t\t<\/div>\n\t\t<div class=\"elementor-element elementor-element-51ef443f e-con-full e-flex e-con e-parent\" data-id=\"51ef443f\" data-element_type=\"container\" data-settings=\"{&quot;content_width&quot;:&quot;full&quot;}\" data-core-v316-plus=\"true\">\n\t\t\t\t<div class=\"elementor-element elementor-element-7db18aef elementor-headline--style-highlight elementor-widget elementor-widget-animated-headline\" data-id=\"7db18aef\" data-element_type=\"widget\" data-settings=\"{&quot;highlighted_text&quot;:&quot;Esperamos voc\\u00ea.&quot;,&quot;headline_style&quot;:&quot;highlight&quot;,&quot;marker&quot;:&quot;circle&quot;,&quot;loop&quot;:&quot;yes&quot;,&quot;highlight_animation_duration&quot;:1200,&quot;highlight_iteration_delay&quot;:8000}\" data-widget_type=\"animated-headline.default\">\n\t\t\t\t<div class=\"elementor-widget-container\">\n\t\t\t<link rel=\"stylesheet\" href=\"https:\/\/csimoney.com.br\/wp-content\/plugins\/elementor-pro\/assets\/css\/widget-animated-headline.min.css\">\t\t<h3 class=\"elementor-headline\">\n\t\t\t\t\t<span class=\"elementor-headline-plain-text elementor-headline-text-wrapper\">Fa\u00e7a uma visita!<\/span>\n\t\t\t\t<span class=\"elementor-headline-dynamic-wrapper elementor-headline-text-wrapper\">\n\t\t\t\t\t<span class=\"elementor-headline-dynamic-text elementor-headline-text-active\">Esperamos voc\u00ea.<\/span>\n\t\t\t\t<\/span>\n\t\t\t\t<\/h3>\n\t\t\t\t<\/div>\n\t\t\t\t<\/div>\n\t\t\t\t<div class=\"elementor-element elementor-element-4607c0ef elementor-widget elementor-widget-google_maps\" data-id=\"4607c0ef\" data-element_type=\"widget\" data-widget_type=\"google_maps.default\">\n\t\t\t\t<div class=\"elementor-widget-container\">\n\t\t\t<style>\/*! elementor - v3.17.0 - 08-11-2023 *\/\n.elementor-widget-google_maps .elementor-widget-container{overflow:hidden}.elementor-widget-google_maps .elementor-custom-embed{line-height:0}.elementor-widget-google_maps iframe{height:300px}<\/style>\t\t<div class=\"elementor-custom-embed\">\n\t\t\t<iframe loading=\"lazy\"\n\t\t\t\t\tsrc=\"https:\/\/maps.google.com\/maps?q=Rua%20Euclides%20da%20Cunha%2C%201978&#038;t=m&#038;z=15&#038;output=embed&#038;iwloc=near\"\n\t\t\t\t\ttitle=\"Rua Euclides da Cunha, 1978\"\n\t\t\t\t\taria-label=\"Rua Euclides da Cunha, 1978\"\n\t\t\t><\/iframe>\n\t\t<\/div>\n\t\t\t\t<\/div>\n\t\t\t\t<\/div>\n\t\t\t\t<\/div>\n\t\t<div class=\"elementor-element elementor-element-4ebd5c72 e-con-full e-flex e-con e-parent\" data-id=\"4ebd5c72\" data-element_type=\"container\" data-settings=\"{&quot;content_width&quot;:&quot;full&quot;,&quot;background_background&quot;:&quot;classic&quot;}\" data-core-v316-plus=\"true\">\n\t\t<div class=\"elementor-element elementor-element-1a11aa7a e-con-full e-flex e-con e-child\" data-id=\"1a11aa7a\" data-element_type=\"container\" data-settings=\"{&quot;content_width&quot;:&quot;full&quot;}\">\n\t\t\t\t<\/div>\n\t\t<div class=\"elementor-element elementor-element-597d63fa e-con-full e-flex e-con e-child\" data-id=\"597d63fa\" data-element_type=\"container\" data-settings=\"{&quot;content_width&quot;:&quot;full&quot;}\">\n\t\t\t\t<div class=\"elementor-element elementor-element-3455e50 elementor-widget elementor-widget-heading\" data-id=\"3455e50\" data-element_type=\"widget\" data-widget_type=\"heading.default\">\n\t\t\t\t<div class=\"elementor-widget-container\">\n\t\t\t<h2 class=\"elementor-heading-title elementor-size-default\">Rua Euclides da Cunha, 1978 - Bairro Santa F\u00e9 - Campo Grande - MS | CEP: 79021-200<\/h2>\t\t<\/div>\n\t\t\t\t<\/div>\n\t\t\t\t<div class=\"elementor-element elementor-element-39a2a703 elementor-widget elementor-widget-heading\" data-id=\"39a2a703\" data-element_type=\"widget\" data-widget_type=\"heading.default\">\n\t\t\t\t<div class=\"elementor-widget-container\">\n\t\t\t<h2 class=\"elementor-heading-title elementor-size-default\">Copyright\u00a92013-2023, CSI Money. Todos os direitos reservados.<\/h2>\t\t<\/div>\n\t\t\t\t<\/div>\n\t\t\t\t<div class=\"elementor-element elementor-element-26217eea elementor-widget elementor-widget-heading\" data-id=\"26217eea\" data-element_type=\"widget\" data-widget_type=\"heading.default\">\n\t\t\t\t<div class=\"elementor-widget-container\">\n\t\t\t<h2 class=\"elementor-heading-title elementor-size-default\">Desenvolvido por Hany Comunica\u00e7\u00e3o.<\/h2>\t\t<\/div>\n\t\t\t\t<\/div>\n\t\t\t\t<\/div>\n\t\t<div class=\"elementor-element elementor-element-7d7b4b7 e-con-full e-flex e-con e-child\" data-id=\"7d7b4b7\" data-element_type=\"container\" data-settings=\"{&quot;content_width&quot;:&quot;full&quot;}\">\n\t\t\t\t<\/div>\n\t\t\t\t<\/div>\n\t\t\t\t\t\t\t<\/div>\n\t\t","protected":false},"excerpt":{"rendered":"<p>Quem Somos! Com grande satisfa\u00e7\u00e3o, apresentamos a CSI Solu\u00e7\u00f5es Integradas, uma empresa com uma trajet\u00f3ria de 10 anos no mercado, dedicada \u00e0 excel\u00eancia em consultoria e<span class=\"excerpt-hellip\"> [\u2026]<\/span><\/p>\n","protected":false},"author":1,"featured_media":0,"parent":0,"menu_order":0,"comment_status":"closed","ping_status":"closed","template":"elementor_canvas","meta":{"om_disable_all_campaigns":false,"_monsterinsights_skip_tracking":false,"_monsterinsights_sitenote_active":false,"_monsterinsights_sitenote_note":"","_monsterinsights_sitenote_category":0,"_uf_show_specific_survey":0,"_uf_disable_surveys":false,"footnotes":""},"aioseo_notices":[],"_links":{"self":[{"href":"https:\/\/csimoney.com.br\/index.php?rest_route=\/wp\/v2\/pages\/332"}],"collection":[{"href":"https:\/\/csimoney.com.br\/index.php?rest_route=\/wp\/v2\/pages"}],"about":[{"href":"https:\/\/csimoney.com.br\/index.php?rest_route=\/wp\/v2\/types\/page"}],"author":[{"embeddable":true,"href":"https:\/\/csimoney.com.br\/index.php?rest_route=\/wp\/v2\/users\/1"}],"replies":[{"embeddable":true,"href":"https:\/\/csimoney.com.br\/index.php?rest_route=%2Fwp%2Fv2%2Fcomments&post=332"}],"version-history":[{"count":53,"href":"https:\/\/csimoney.com.br\/index.php?rest_route=\/wp\/v2\/pages\/332\/revisions"}],"predecessor-version":[{"id":535,"href":"https:\/\/csimoney.com.br\/index.php?rest_route=\/wp\/v2\/pages\/332\/revisions\/535"}],"wp:attachment":[{"href":"https:\/\/csimoney.com.br\/index.php?rest_route=%2Fwp%2Fv2%2Fmedia&parent=332"}],"curies":[{"name":"wp","href":"https:\/\/api.w.org\/{rel}","templated":true}]}}