{"id":16,"date":"2021-12-15T13:12:08","date_gmt":"2021-12-15T16:12:08","guid":{"rendered":"https:\/\/csimoney.com.br\/?page_id=16"},"modified":"2024-06-05T18:10:40","modified_gmt":"2024-06-05T21:10:40","slug":"artigos","status":"publish","type":"page","link":"https:\/\/csimoney.com.br\/?page_id=16","title":{"rendered":"Artigos"},"content":{"rendered":"\t\t<div data-elementor-type=\"wp-page\" data-elementor-id=\"16\" class=\"elementor elementor-16\">\n\t\t\t\t\t\t\t<div class=\"elementor-element elementor-element-4e81a9d4 e-flex e-con-boxed e-con e-parent\" data-id=\"4e81a9d4\" data-element_type=\"container\" data-settings=\"{&quot;content_width&quot;:&quot;boxed&quot;}\" data-core-v316-plus=\"true\">\n\t\t\t\t\t<div class=\"e-con-inner\">\n\t\t<div class=\"elementor-element elementor-element-3a154784 e-con-full e-flex e-con e-child\" data-id=\"3a154784\" data-element_type=\"container\" data-settings=\"{&quot;content_width&quot;:&quot;full&quot;}\">\n\t\t\t\t<div class=\"elementor-element elementor-element-35295cde elementor-widget elementor-widget-image\" data-id=\"35295cde\" data-element_type=\"widget\" data-widget_type=\"image.default\">\n\t\t\t\t<div class=\"elementor-widget-container\">\n\t\t\t<style>\/*! elementor - v3.17.0 - 08-11-2023 *\/\n.elementor-widget-image{text-align:center}.elementor-widget-image a{display:inline-block}.elementor-widget-image a img[src$=\".svg\"]{width:48px}.elementor-widget-image img{vertical-align:middle;display:inline-block}<\/style>\t\t\t\t\t\t\t\t\t\t\t\t<img fetchpriority=\"high\" decoding=\"async\" width=\"400\" height=\"130\" src=\"https:\/\/csimoney.com.br\/wp-content\/uploads\/2023\/11\/csi-money.webp\" class=\"attachment-large size-large wp-image-145\" alt=\"CSI Money\" srcset=\"https:\/\/csimoney.com.br\/wp-content\/uploads\/2023\/11\/csi-money.webp 400w, https:\/\/csimoney.com.br\/wp-content\/uploads\/2023\/11\/csi-money-300x98.webp 300w, https:\/\/csimoney.com.br\/wp-content\/uploads\/2023\/11\/csi-money-150x49.webp 150w\" sizes=\"(max-width:767px) 400px, 400px\" \/>\t\t\t\t\t\t\t\t\t\t\t\t\t\t\t<\/div>\n\t\t\t\t<\/div>\n\t\t\t\t<\/div>\n\t\t<div class=\"elementor-element elementor-element-2589ddd6 e-con-full e-flex e-con e-child\" data-id=\"2589ddd6\" data-element_type=\"container\" data-settings=\"{&quot;content_width&quot;:&quot;full&quot;}\">\n\t\t\t\t<div class=\"elementor-element elementor-element-58a4008c elementor-nav-menu__align-left elementor-nav-menu--dropdown-tablet elementor-nav-menu__text-align-aside elementor-nav-menu--toggle elementor-nav-menu--burger elementor-widget elementor-widget-nav-menu\" data-id=\"58a4008c\" data-element_type=\"widget\" data-settings=\"{&quot;layout&quot;:&quot;horizontal&quot;,&quot;submenu_icon&quot;:{&quot;value&quot;:&quot;&lt;i class=\\&quot;fas fa-caret-down\\&quot;&gt;&lt;\\\/i&gt;&quot;,&quot;library&quot;:&quot;fa-solid&quot;},&quot;toggle&quot;:&quot;burger&quot;}\" data-widget_type=\"nav-menu.default\">\n\t\t\t\t<div class=\"elementor-widget-container\">\n\t\t\t<link rel=\"stylesheet\" href=\"https:\/\/csimoney.com.br\/wp-content\/plugins\/elementor-pro\/assets\/css\/widget-nav-menu.min.css\">\t\t\t<nav migration_allowed=\"1\" migrated=\"0\" class=\"elementor-nav-menu--main elementor-nav-menu__container elementor-nav-menu--layout-horizontal e--pointer-text e--animation-float\">\n\t\t\t\t<ul id=\"menu-1-58a4008c\" class=\"elementor-nav-menu\"><li class=\"menu-item menu-item-type-post_type menu-item-object-page menu-item-357\"><a href=\"https:\/\/csimoney.com.br\/?page_id=332\" class=\"elementor-item\">Quem somos<\/a><\/li>\n<li class=\"menu-item menu-item-type-post_type menu-item-object-page menu-item-505\"><a href=\"https:\/\/csimoney.com.br\/?page_id=16\" class=\"elementor-item\">Artigos<\/a><\/li>\n<\/ul>\t\t\t<\/nav>\n\t\t\t\t\t<div class=\"elementor-menu-toggle\" role=\"button\" tabindex=\"0\" aria-label=\"Menu Toggle\" aria-expanded=\"false\">\n\t\t\t<i aria-hidden=\"true\" role=\"presentation\" class=\"elementor-menu-toggle__icon--open eicon-menu-bar\"><\/i><i aria-hidden=\"true\" role=\"presentation\" class=\"elementor-menu-toggle__icon--close eicon-close\"><\/i>\t\t\t<span class=\"elementor-screen-only\">Menu<\/span>\n\t\t<\/div>\n\t\t\t<nav class=\"elementor-nav-menu--dropdown elementor-nav-menu__container\" aria-hidden=\"true\">\n\t\t\t\t<ul id=\"menu-2-58a4008c\" class=\"elementor-nav-menu\"><li class=\"menu-item menu-item-type-post_type menu-item-object-page menu-item-357\"><a href=\"https:\/\/csimoney.com.br\/?page_id=332\" class=\"elementor-item\" tabindex=\"-1\">Quem somos<\/a><\/li>\n<li class=\"menu-item menu-item-type-post_type menu-item-object-page menu-item-505\"><a href=\"https:\/\/csimoney.com.br\/?page_id=16\" class=\"elementor-item\" tabindex=\"-1\">Artigos<\/a><\/li>\n<\/ul>\t\t\t<\/nav>\n\t\t\t\t<\/div>\n\t\t\t\t<\/div>\n\t\t\t\t<\/div>\n\t\t\t\t\t<\/div>\n\t\t\t\t<\/div>\n\t\t<div class=\"elementor-element elementor-element-fbd2f4a e-flex e-con-boxed e-con e-parent\" data-id=\"fbd2f4a\" data-element_type=\"container\" data-settings=\"{&quot;content_width&quot;:&quot;boxed&quot;}\" data-core-v316-plus=\"true\">\n\t\t\t\t\t<div class=\"e-con-inner\">\n\t\t\t\t<div class=\"elementor-element elementor-element-e75a48d elementor-widget elementor-widget-heading\" data-id=\"e75a48d\" data-element_type=\"widget\" data-widget_type=\"heading.default\">\n\t\t\t\t<div class=\"elementor-widget-container\">\n\t\t\t<style>\/*! elementor - v3.17.0 - 08-11-2023 *\/\n.elementor-heading-title{padding:0;margin:0;line-height:1}.elementor-widget-heading .elementor-heading-title[class*=elementor-size-]>a{color:inherit;font-size:inherit;line-height:inherit}.elementor-widget-heading .elementor-heading-title.elementor-size-small{font-size:15px}.elementor-widget-heading .elementor-heading-title.elementor-size-medium{font-size:19px}.elementor-widget-heading .elementor-heading-title.elementor-size-large{font-size:29px}.elementor-widget-heading .elementor-heading-title.elementor-size-xl{font-size:39px}.elementor-widget-heading .elementor-heading-title.elementor-size-xxl{font-size:59px}<\/style><h2 class=\"elementor-heading-title elementor-size-default\">Artigos e Not\u00edcias<\/h2>\t\t<\/div>\n\t\t\t\t<\/div>\n\t\t\t\t\t<\/div>\n\t\t\t\t<\/div>\n\t\t\t\t<section class=\"elementor-section elementor-top-section elementor-element elementor-element-13a24cf elementor-section-stretched elementor-section-boxed elementor-section-height-default elementor-section-height-default\" data-id=\"13a24cf\" data-element_type=\"section\" data-settings=\"{&quot;stretch_section&quot;:&quot;section-stretched&quot;,&quot;background_background&quot;:&quot;classic&quot;}\">\n\t\t\t\t\t\t<div class=\"elementor-container elementor-column-gap-wider\">\n\t\t\t\t\t<div class=\"elementor-column elementor-col-100 elementor-top-column elementor-element elementor-element-710fd43\" data-id=\"710fd43\" data-element_type=\"column\">\n\t\t\t<div class=\"elementor-widget-wrap elementor-element-populated\">\n\t\t\t\t\t\t\t\t<div class=\"elementor-element elementor-element-dfda436 elementor-grid-3 elementor-grid-tablet-2 elementor-grid-mobile-1 elementor-posts--thumbnail-top elementor-widget elementor-widget-posts\" data-id=\"dfda436\" data-element_type=\"widget\" data-settings=\"{&quot;pagination_type&quot;:&quot;prev_next&quot;,&quot;classic_columns&quot;:&quot;3&quot;,&quot;classic_columns_tablet&quot;:&quot;2&quot;,&quot;classic_columns_mobile&quot;:&quot;1&quot;,&quot;classic_row_gap&quot;:{&quot;unit&quot;:&quot;px&quot;,&quot;size&quot;:35,&quot;sizes&quot;:[]},&quot;classic_row_gap_tablet&quot;:{&quot;unit&quot;:&quot;px&quot;,&quot;size&quot;:&quot;&quot;,&quot;sizes&quot;:[]},&quot;classic_row_gap_mobile&quot;:{&quot;unit&quot;:&quot;px&quot;,&quot;size&quot;:&quot;&quot;,&quot;sizes&quot;:[]}}\" data-widget_type=\"posts.classic\">\n\t\t\t\t<div class=\"elementor-widget-container\">\n\t\t\t<link rel=\"stylesheet\" href=\"https:\/\/csimoney.com.br\/wp-content\/plugins\/elementor-pro\/assets\/css\/widget-posts.min.css\">\t\t<div class=\"elementor-posts-container elementor-posts elementor-posts--skin-classic elementor-grid\">\n\t\t\t\t<article class=\"elementor-post elementor-grid-item post-503 post type-post status-publish format-standard has-post-thumbnail hentry category-meio-ambiente tag-creditos-de-carbono tag-mudancas-climaticas tag-sustentabilidade\">\n\t\t\t\t<a class=\"elementor-post__thumbnail__link\" href=\"https:\/\/csimoney.com.br\/?p=503\" >\n\t\t\t<div class=\"elementor-post__thumbnail\"><img decoding=\"async\" width=\"500\" height=\"327\" src=\"https:\/\/csimoney.com.br\/wp-content\/uploads\/2024\/06\/green-trees-under-white-sky-during-daytime-scaled-e1717682354271-500x327.jpg\" class=\"attachment-medium size-medium wp-image-502\" alt=\"green trees under white sky during daytime\" srcset=\"https:\/\/csimoney.com.br\/wp-content\/uploads\/2024\/06\/green-trees-under-white-sky-during-daytime-scaled-e1717682354271-500x327.jpg 500w, https:\/\/csimoney.com.br\/wp-content\/uploads\/2024\/06\/green-trees-under-white-sky-during-daytime-scaled-e1717682354271-800x524.jpg 800w, https:\/\/csimoney.com.br\/wp-content\/uploads\/2024\/06\/green-trees-under-white-sky-during-daytime-scaled-e1717682354271-300x196.jpg 300w, https:\/\/csimoney.com.br\/wp-content\/uploads\/2024\/06\/green-trees-under-white-sky-during-daytime-scaled-e1717682354271-768x503.jpg 768w, https:\/\/csimoney.com.br\/wp-content\/uploads\/2024\/06\/green-trees-under-white-sky-during-daytime-scaled-e1717682354271-1200x786.jpg 1200w, https:\/\/csimoney.com.br\/wp-content\/uploads\/2024\/06\/green-trees-under-white-sky-during-daytime-scaled-e1717682354271-1536x1006.jpg 1536w, https:\/\/csimoney.com.br\/wp-content\/uploads\/2024\/06\/green-trees-under-white-sky-during-daytime-scaled-e1717682354271-115x75.jpg 115w, https:\/\/csimoney.com.br\/wp-content\/uploads\/2024\/06\/green-trees-under-white-sky-during-daytime-scaled-e1717682354271-480x314.jpg 480w, https:\/\/csimoney.com.br\/wp-content\/uploads\/2024\/06\/green-trees-under-white-sky-during-daytime-scaled-e1717682354271.jpg 1706w\" sizes=\"(max-width:767px) 480px, 500px\" \/><\/div>\n\t\t<\/a>\n\t\t\t\t<div class=\"elementor-post__text\">\n\t\t\t\t<h3 class=\"elementor-post__title\">\n\t\t\t<a href=\"https:\/\/csimoney.com.br\/?p=503\" >\n\t\t\t\tA Import\u00e2ncia do Cr\u00e9dito de Carbono na Economia Mundial\t\t\t<\/a>\n\t\t<\/h3>\n\t\t\t\t<div class=\"elementor-post__excerpt\">\n\t\t\t<p>O que s\u00e3o Cr\u00e9ditos de Carbono e Como Funcionam? Os cr\u00e9ditos de carbono representam uma unidade de medida que permite quantificar a redu\u00e7\u00e3o das emiss\u00f5es de<\/p>\n\t\t<\/div>\n\t\t\n\t\t<a class=\"elementor-post__read-more\" href=\"https:\/\/csimoney.com.br\/?p=503\" >\n\t\t\tLeia mais \u00bb\t\t<\/a>\n\n\t\t\t\t<\/div>\n\t\t\t\t<\/article>\n\t\t\t\t<article class=\"elementor-post elementor-grid-item post-87 post type-post status-publish format-standard has-post-thumbnail hentry\">\n\t\t\t\t<a class=\"elementor-post__thumbnail__link\" href=\"https:\/\/csimoney.com.br\/?p=87\" >\n\t\t\t<div class=\"elementor-post__thumbnail\"><img decoding=\"async\" width=\"500\" height=\"391\" src=\"https:\/\/csimoney.com.br\/wp-content\/uploads\/2021\/12\/agency7-blog-pic6.webp\" class=\"attachment-medium size-medium wp-image-36\" alt=\"\" srcset=\"https:\/\/csimoney.com.br\/wp-content\/uploads\/2021\/12\/agency7-blog-pic6.webp 1280w, https:\/\/csimoney.com.br\/wp-content\/uploads\/2021\/12\/agency7-blog-pic6-800x625.webp 800w\" sizes=\"(max-width:767px) 480px, 500px\" \/><\/div>\n\t\t<\/a>\n\t\t\t\t<div class=\"elementor-post__text\">\n\t\t\t\t<h3 class=\"elementor-post__title\">\n\t\t\t<a href=\"https:\/\/csimoney.com.br\/?p=87\" >\n\t\t\t\tProject pricing calculation\t\t\t<\/a>\n\t\t<\/h3>\n\t\t\t\t<div class=\"elementor-post__excerpt\">\n\t\t\t<p>Morbi ultrices fringilla. In tempus. Pellentesque et ultrices posuere cubilia Curae, Nullam erat gravida non, arcu. Pellentesque habitant morbi tristique senectus et neque. Maecenas wisi.<\/p>\n\t\t<\/div>\n\t\t\n\t\t<a class=\"elementor-post__read-more\" href=\"https:\/\/csimoney.com.br\/?p=87\" >\n\t\t\tLeia mais \u00bb\t\t<\/a>\n\n\t\t\t\t<\/div>\n\t\t\t\t<\/article>\n\t\t\t\t<article class=\"elementor-post elementor-grid-item post-85 post type-post status-publish format-standard has-post-thumbnail hentry\">\n\t\t\t\t<a class=\"elementor-post__thumbnail__link\" href=\"https:\/\/csimoney.com.br\/?p=85\" >\n\t\t\t<div class=\"elementor-post__thumbnail\"><img loading=\"lazy\" decoding=\"async\" width=\"500\" height=\"391\" src=\"https:\/\/csimoney.com.br\/wp-content\/uploads\/2021\/12\/agency7-blog-pic5.webp\" class=\"attachment-medium size-medium wp-image-35\" alt=\"\" srcset=\"https:\/\/csimoney.com.br\/wp-content\/uploads\/2021\/12\/agency7-blog-pic5.webp 1280w, https:\/\/csimoney.com.br\/wp-content\/uploads\/2021\/12\/agency7-blog-pic5-800x625.webp 800w\" sizes=\"(max-width:767px) 480px, 500px\" \/><\/div>\n\t\t<\/a>\n\t\t\t\t<div class=\"elementor-post__text\">\n\t\t\t\t<h3 class=\"elementor-post__title\">\n\t\t\t<a href=\"https:\/\/csimoney.com.br\/?p=85\" >\n\t\t\t\tDesign advices\t\t\t<\/a>\n\t\t<\/h3>\n\t\t\t\t<div class=\"elementor-post__excerpt\">\n\t\t\t<p>Condimentum sed, congue risus vel diam. Aliquam ultricies dolor sit amet metus. Etiam vulputate, odio nonummy at, fringilla mollis. Etiam rutrum. Nunc vulputate.<\/p>\n\t\t<\/div>\n\t\t\n\t\t<a class=\"elementor-post__read-more\" href=\"https:\/\/csimoney.com.br\/?p=85\" >\n\t\t\tLeia mais \u00bb\t\t<\/a>\n\n\t\t\t\t<\/div>\n\t\t\t\t<\/article>\n\t\t\t\t<article class=\"elementor-post elementor-grid-item post-83 post type-post status-publish format-standard has-post-thumbnail hentry\">\n\t\t\t\t<a class=\"elementor-post__thumbnail__link\" href=\"https:\/\/csimoney.com.br\/?p=83\" >\n\t\t\t<div class=\"elementor-post__thumbnail\"><img loading=\"lazy\" decoding=\"async\" width=\"500\" height=\"391\" src=\"https:\/\/csimoney.com.br\/wp-content\/uploads\/2021\/12\/agency7-blog-pic4.webp\" class=\"attachment-medium size-medium wp-image-34\" alt=\"\" srcset=\"https:\/\/csimoney.com.br\/wp-content\/uploads\/2021\/12\/agency7-blog-pic4.webp 1280w, https:\/\/csimoney.com.br\/wp-content\/uploads\/2021\/12\/agency7-blog-pic4-800x625.webp 800w\" sizes=\"(max-width:767px) 480px, 500px\" \/><\/div>\n\t\t<\/a>\n\t\t\t\t<div class=\"elementor-post__text\">\n\t\t\t\t<h3 class=\"elementor-post__title\">\n\t\t\t<a href=\"https:\/\/csimoney.com.br\/?p=83\" >\n\t\t\t\tSocial media\t\t\t<\/a>\n\t\t<\/h3>\n\t\t\t\t<div class=\"elementor-post__excerpt\">\n\t\t\t<p>Vestibulum enim. Praesent est ut magna tincidunt molestie, nunc vel metus. Curabitur condimentum justo augue id enim. Aenean augue eu sem nunc, accumsan sit amet, consectetuer .<\/p>\n\t\t<\/div>\n\t\t\n\t\t<a class=\"elementor-post__read-more\" href=\"https:\/\/csimoney.com.br\/?p=83\" >\n\t\t\tLeia mais \u00bb\t\t<\/a>\n\n\t\t\t\t<\/div>\n\t\t\t\t<\/article>\n\t\t\t\t<article class=\"elementor-post elementor-grid-item post-81 post type-post status-publish format-standard has-post-thumbnail hentry\">\n\t\t\t\t<a class=\"elementor-post__thumbnail__link\" href=\"https:\/\/csimoney.com.br\/?p=81\" >\n\t\t\t<div class=\"elementor-post__thumbnail\"><img loading=\"lazy\" decoding=\"async\" width=\"500\" height=\"391\" src=\"https:\/\/csimoney.com.br\/wp-content\/uploads\/2021\/12\/agency7-blog-pic3.webp\" class=\"attachment-medium size-medium wp-image-33\" alt=\"\" srcset=\"https:\/\/csimoney.com.br\/wp-content\/uploads\/2021\/12\/agency7-blog-pic3.webp 1280w, https:\/\/csimoney.com.br\/wp-content\/uploads\/2021\/12\/agency7-blog-pic3-800x625.webp 800w\" sizes=\"(max-width:767px) 480px, 500px\" \/><\/div>\n\t\t<\/a>\n\t\t\t\t<div class=\"elementor-post__text\">\n\t\t\t\t<h3 class=\"elementor-post__title\">\n\t\t\t<a href=\"https:\/\/csimoney.com.br\/?p=81\" >\n\t\t\t\tIndexing and <br\/>positioning elements\t\t\t<\/a>\n\t\t<\/h3>\n\t\t\t\t<div class=\"elementor-post__excerpt\">\n\t\t\t<p>Donec mi. Pellentesque orci luctus arcu dolor, placerat nisl nulla sem rutrum et, neque. Integer adipiscing. Cum sociis natoque penatibus et accumsan mollis sodales. Aenean urna dapibus tellus.<\/p>\n\t\t<\/div>\n\t\t\n\t\t<a class=\"elementor-post__read-more\" href=\"https:\/\/csimoney.com.br\/?p=81\" >\n\t\t\tLeia mais \u00bb\t\t<\/a>\n\n\t\t\t\t<\/div>\n\t\t\t\t<\/article>\n\t\t\t\t<article class=\"elementor-post elementor-grid-item post-77 post type-post status-publish format-standard has-post-thumbnail hentry\">\n\t\t\t\t<a class=\"elementor-post__thumbnail__link\" href=\"https:\/\/csimoney.com.br\/?p=77\" >\n\t\t\t<div class=\"elementor-post__thumbnail\"><img loading=\"lazy\" decoding=\"async\" width=\"500\" height=\"391\" src=\"https:\/\/csimoney.com.br\/wp-content\/uploads\/2021\/12\/agency7-blog-pic2.webp\" class=\"attachment-medium size-medium wp-image-32\" alt=\"\" srcset=\"https:\/\/csimoney.com.br\/wp-content\/uploads\/2021\/12\/agency7-blog-pic2.webp 1280w, https:\/\/csimoney.com.br\/wp-content\/uploads\/2021\/12\/agency7-blog-pic2-800x625.webp 800w\" sizes=\"(max-width:767px) 480px, 500px\" \/><\/div>\n\t\t<\/a>\n\t\t\t\t<div class=\"elementor-post__text\">\n\t\t\t\t<h3 class=\"elementor-post__title\">\n\t\t\t<a href=\"https:\/\/csimoney.com.br\/?p=77\" >\n\t\t\t\tLearn how to use loops\t\t\t<\/a>\n\t\t<\/h3>\n\t\t\t\t<div class=\"elementor-post__excerpt\">\n\t\t\t<p>Proin volutpat quam at lorem dapibus risus. Suspendisse adipiscing. Mauris fringilla aliquet. Praesent lacinia lacus. Maecenas tortor mauris, placerat at, fermentum molestie sagittis. Lorem ipsum a diam. <\/p>\n\t\t<\/div>\n\t\t\n\t\t<a class=\"elementor-post__read-more\" href=\"https:\/\/csimoney.com.br\/?p=77\" >\n\t\t\tLeia mais \u00bb\t\t<\/a>\n\n\t\t\t\t<\/div>\n\t\t\t\t<\/article>\n\t\t\t\t<\/div>\n\t\t\n\t\t\t\t<div class=\"e-load-more-anchor\" data-page=\"1\" data-max-page=\"2\" data-next-page=\"https:\/\/csimoney.com.br\/index.php?rest_route=%2Fwp%2Fv2%2Fpages%2F16&#038;paged=2\"><\/div>\n\t\t\t\t<nav class=\"elementor-pagination\" aria-label=\"Pagination\">\n\t\t\t<span class=\"page-numbers prev\">&laquo; Previous<\/span>\n<a class=\"page-numbers next\" href=\"https:\/\/csimoney.com.br\/index.php?rest_route=%2Fwp%2Fv2%2Fpages%2F16&#038;paged=2\">Next &raquo;<\/a>\t\t<\/nav>\n\t\t\t\t<\/div>\n\t\t\t\t<\/div>\n\t\t\t\t\t<\/div>\n\t\t<\/div>\n\t\t\t\t\t\t\t<\/div>\n\t\t<\/section>\n\t\t\t\t\t\t\t<\/div>\n\t\t","protected":false},"excerpt":{"rendered":"<p>Artigos e Not\u00edcias<\/p>\n","protected":false},"author":1,"featured_media":0,"parent":0,"menu_order":0,"comment_status":"open","ping_status":"closed","template":"elementor_canvas","meta":{"om_disable_all_campaigns":false,"_monsterinsights_skip_tracking":false,"_monsterinsights_sitenote_active":false,"_monsterinsights_sitenote_note":"","_monsterinsights_sitenote_category":0,"_uf_show_specific_survey":0,"_uf_disable_surveys":false,"footnotes":""},"aioseo_notices":[],"_links":{"self":[{"href":"https:\/\/csimoney.com.br\/index.php?rest_route=\/wp\/v2\/pages\/16"}],"collection":[{"href":"https:\/\/csimoney.com.br\/index.php?rest_route=\/wp\/v2\/pages"}],"about":[{"href":"https:\/\/csimoney.com.br\/index.php?rest_route=\/wp\/v2\/types\/page"}],"author":[{"embeddable":true,"href":"https:\/\/csimoney.com.br\/index.php?rest_route=\/wp\/v2\/users\/1"}],"replies":[{"embeddable":true,"href":"https:\/\/csimoney.com.br\/index.php?rest_route=%2Fwp%2Fv2%2Fcomments&post=16"}],"version-history":[{"count":10,"href":"https:\/\/csimoney.com.br\/index.php?rest_route=\/wp\/v2\/pages\/16\/revisions"}],"predecessor-version":[{"id":515,"href":"https:\/\/csimoney.com.br\/index.php?rest_route=\/wp\/v2\/pages\/16\/revisions\/515"}],"wp:attachment":[{"href":"https:\/\/csimoney.com.br\/index.php?rest_route=%2Fwp%2Fv2%2Fmedia&parent=16"}],"curies":[{"name":"wp","href":"https:\/\/api.w.org\/{rel}","templated":true}]}}